{"id":240,"date":"2024-03-13T07:31:32","date_gmt":"2024-03-13T07:31:32","guid":{"rendered":"http:\/\/summa-ry.fi\/wordpress\/?page_id=240"},"modified":"2024-03-13T07:49:19","modified_gmt":"2024-03-13T07:49:19","slug":"yhdistyksen-saannot","status":"publish","type":"page","link":"http:\/\/summa-ry.fi\/wordpress\/?page_id=240","title":{"rendered":"Yhdistyksen s\u00e4\u00e4nn\u00f6t"},"content":{"rendered":"\t\t<div data-elementor-type=\"wp-page\" data-elementor-id=\"240\" class=\"elementor elementor-240\">\n\t\t\t\t<div class=\"elementor-element elementor-element-7c993434 e-flex e-con-boxed e-con e-parent\" data-id=\"7c993434\" data-element_type=\"container\" data-settings=\"{&quot;background_background&quot;:&quot;classic&quot;,&quot;background_motion_fx_motion_fx_scrolling&quot;:&quot;yes&quot;,&quot;background_motion_fx_scale_effect&quot;:&quot;yes&quot;,&quot;background_motion_fx_scale_direction&quot;:&quot;out-in&quot;,&quot;background_motion_fx_scale_speed&quot;:{&quot;unit&quot;:&quot;px&quot;,&quot;size&quot;:4,&quot;sizes&quot;:[]},&quot;background_motion_fx_scale_range&quot;:{&quot;unit&quot;:&quot;%&quot;,&quot;size&quot;:&quot;&quot;,&quot;sizes&quot;:{&quot;start&quot;:20,&quot;end&quot;:80}},&quot;background_motion_fx_devices&quot;:[&quot;desktop&quot;,&quot;tablet&quot;,&quot;mobile&quot;]}\" data-core-v316-plus=\"true\">\n\t\t\t\t\t<div class=\"e-con-inner\">\n\t\t\t\t<div class=\"elementor-element elementor-element-1509516c elementor-widget elementor-widget-heading\" data-id=\"1509516c\" data-element_type=\"widget\" data-widget_type=\"heading.default\">\n\t\t\t\t<div class=\"elementor-widget-container\">\n\t\t\t<style>\/*! elementor - v3.20.0 - 26-03-2024 *\/\n.elementor-heading-title{padding:0;margin:0;line-height:1}.elementor-widget-heading .elementor-heading-title[class*=elementor-size-]>a{color:inherit;font-size:inherit;line-height:inherit}.elementor-widget-heading .elementor-heading-title.elementor-size-small{font-size:15px}.elementor-widget-heading .elementor-heading-title.elementor-size-medium{font-size:19px}.elementor-widget-heading .elementor-heading-title.elementor-size-large{font-size:29px}.elementor-widget-heading .elementor-heading-title.elementor-size-xl{font-size:39px}.elementor-widget-heading .elementor-heading-title.elementor-size-xxl{font-size:59px}<\/style><h1 class=\"elementor-heading-title elementor-size-default\">Yhdistyksen s\u00e4\u00e4nn\u00f6t<\/h1>\t\t<\/div>\n\t\t\t\t<\/div>\n\t\t\t\t\t<\/div>\n\t\t\t\t<\/div>\n\t\t<div class=\"elementor-element elementor-element-2a8dbeb e-flex e-con-boxed e-con e-parent\" data-id=\"2a8dbeb\" data-element_type=\"container\" data-core-v316-plus=\"true\">\n\t\t\t\t\t<div class=\"e-con-inner\">\n\t\t\t\t<div class=\"elementor-element elementor-element-17b4969 elementor-widget elementor-widget-heading\" data-id=\"17b4969\" data-element_type=\"widget\" data-widget_type=\"heading.default\">\n\t\t\t\t<div class=\"elementor-widget-container\">\n\t\t\t<h2 class=\"elementor-heading-title elementor-size-default\">SUMMA<\/h2>\t\t<\/div>\n\t\t\t\t<\/div>\n\t\t\t\t<div class=\"elementor-element elementor-element-47ad08f elementor-widget elementor-widget-text-editor\" data-id=\"47ad08f\" data-element_type=\"widget\" data-widget_type=\"text-editor.default\">\n\t\t\t\t<div class=\"elementor-widget-container\">\n\t\t\t<style>\/*! elementor - v3.20.0 - 26-03-2024 *\/\n.elementor-widget-text-editor.elementor-drop-cap-view-stacked .elementor-drop-cap{background-color:#69727d;color:#fff}.elementor-widget-text-editor.elementor-drop-cap-view-framed .elementor-drop-cap{color:#69727d;border:3px solid;background-color:transparent}.elementor-widget-text-editor:not(.elementor-drop-cap-view-default) .elementor-drop-cap{margin-top:8px}.elementor-widget-text-editor:not(.elementor-drop-cap-view-default) .elementor-drop-cap-letter{width:1em;height:1em}.elementor-widget-text-editor .elementor-drop-cap{float:left;text-align:center;line-height:1;font-size:50px}.elementor-widget-text-editor .elementor-drop-cap-letter{display:inline-block}<\/style>\t\t\t\t<p><strong><em>Suomen Tuotemaalaustekninen yhdistys r.y. Finlands Produktm\u00e5lningstekniska f\u00f6rening r.f. Yhdistysrekisterin 19.08.03 hyv\u00e4ksym\u00e4t s\u00e4\u00e4nn\u00f6t<\/em><\/strong><\/p><p><strong>YHDISTYKSEN S\u00c4\u00c4NN\u00d6T VERSIO 08\/2003<\/strong><\/p><p><strong>1\u00a7<\/strong><\/p><p>Yhdistyksen nimi on\u00a0<strong><em>Suomen Tuotemaalaustekninen yhdistys ry<br \/>Finlands Produktm\u00e5lningstekniska f\u00f6rening rf<\/em><\/strong><strong>,\u00a0<\/strong>josta j\u00e4ljemp\u00e4n\u00e4 k\u00e4ytet\u00e4\u00e4n ep\u00e4virallista lyhennett\u00e4\u00a0<strong><em>SUMMA.\u00a0<\/em><\/strong>Sen kotipaikka on\u00a0<strong>Helsingin kaupunki\u00a0<\/strong>ja toimialue koko Suomi.<\/p><p>\u00a0<\/p><p><strong>2<\/strong>\u00a7<br \/>Yhdistyksen kieli on suomi.<\/p><p>\u00a0<\/p><p><strong>3\u00a7<\/strong><\/p><p>Viralliset tunnukset ovat, p\u00f6yt\u00e4standardi, logomerkki, rintaneula ja puseromerkki. Virallisten tunnusten k\u00e4yt\u00f6st\u00e4 p\u00e4\u00e4tt\u00e4\u00e4 hallitus.<\/p><p>\u00a0<\/p><p><strong>4\u00a7<\/strong><\/p><p>Yhdistys on perustettu 27 p\u00e4iv\u00e4n\u00e4 syyskuuta 1991. Yhdistyksen tarkoituksena on edist\u00e4\u00e4 tietoutta ja kehityst\u00e4 pintak\u00e4sittelyn alalla. Tarkoituksensa toteuttamiseksi yhdistys j\u00e4rjest\u00e4\u00e4 toimialueellaan kokouksia, j\u00e4senilleen messumatkoja ja erilaisia ammattitaitoa edist\u00e4vi\u00e4 kursseja ja seminaareja sek\u00e4, tiedottamalla yms. tavoilla, sek\u00e4 osallistuu alan tapahtumiin.<\/p><p>Varoja toimintaansa yhdistys hankkii kantamalla j\u00e4senilt\u00e4\u00e4n j\u00e4senmaksuja, toimeenpanemalla asianomaisella luvalla rahanker\u00e4yksi\u00e4, arpajaisia ja kilpailuja sek\u00e4 ottamalla vastaan lahjoituksia ja testamentteja.<\/p><p>\u00a0<\/p><p><strong>5\u00a7<\/strong><\/p><p>Yhdistyksen varsinaiseksi j\u00e4seneksi voi liitty\u00e4 henkil\u00f6 tai oikeuskelpoinen yhteis\u00f6, joka on sen tarkoituksista ja p\u00e4\u00e4m\u00e4\u00e4rist\u00e4 kiinnostunut. Yhdistyksen j\u00e4senet hyv\u00e4ksyy hallitus.<br \/>Yhdistyksen kannattajaj\u00e4seniksi voidaan ottaa kirjallisen hakemuksen perusteella jokainen hallituksen hyv\u00e4ksym\u00e4 hyv\u00e4maineinen henkil\u00f6 tai oikeuskelpoinen yhteis\u00f6, joka sitoutuu suorittamaan liittymis- ja j\u00e4senmaksut. J\u00e4senanomuksessa on mainittava nimi, syntym\u00e4aika, ammatti ja muut tarpeelliset tiedot, jotka merkit\u00e4\u00e4n yhdistyksen pit\u00e4m\u00e4\u00e4n j\u00e4senrekisteriin.<\/p><p>\u00a0<\/p><p><strong>6\u00a7<\/strong><\/p><p>Yhdistyksen j\u00e4senet ovat: varsinaisia j\u00e4seni\u00e4, kannattajaj\u00e4seni\u00e4 tai kunniaj\u00e4seni\u00e4. Yhdistyksen j\u00e4senill\u00e4 on yht\u00e4l\u00e4iset oikeudet ja velvollisuudet, kuitenkin niin, ett\u00e4 kannattajaj\u00e4senill\u00e4 on ainoastaan puhe- muttei \u00e4\u00e4nivaltaa yhdistyksen kokouksissa. Sama koskee my\u00f6s niit\u00e4 yhdistyksen kunniaj\u00e4seni\u00e4, jotka eiv\u00e4t ole olleet yhdistyksen varsinaisia j\u00e4seni\u00e4.<\/p><p>Kunniaj\u00e4seneksi yhdistys voi kokouksessaan kutsua henkil\u00f6n, joka on erityisen huomattavasti ansioitunut yhdistyksen tarkoitusperi\u00e4 edist\u00e4m\u00e4ll\u00e4 tai yhdistyksen hyv\u00e4ksi toimimalla, ja jota hallitus sellaiseksi esitt\u00e4\u00e4. P\u00e4\u00e4t\u00f6s kunniaj\u00e4seneksi kutsumisesta tehd\u00e4\u00e4n yhdistyksen kokouksessa ja sen on saatava annettujen \u00e4\u00e4nten 2\/3 enemmist\u00f6. Kunniaj\u00e4senelt\u00e4 ei perit\u00e4 yhdistyksen vuotuista j\u00e4senmaksua.<\/p><p>Yhdistyksen vuosikokous p\u00e4\u00e4tt\u00e4\u00e4 hallituksen esityksest\u00e4 varsinaisten j\u00e4senten ja kannattajaj\u00e4senten liittymis- ja vuotuisten j\u00e4senmaksujen suuruudesta kummallekin j\u00e4senryhm\u00e4lle erikseen.<\/p><p>\u00a0<\/p><p><strong>7\u00a7<\/strong><\/p><p>P\u00e4\u00e4st\u00e4kseen osalliseksi yhdistyksen j\u00e4senilleen tarjoamista j\u00e4seneduista ja \u00e4\u00e4nioikeuden k\u00e4yt\u00f6st\u00e4 on j\u00e4senen maksettava j\u00e4senmaksunsa er\u00e4p\u00e4iv\u00e4\u00e4n menness\u00e4.<\/p><p>\u00a0<\/p><p><strong>8\u00a7<\/strong><\/p><p>J\u00e4sen voi erota yhdistyksest\u00e4 tekem\u00e4ll\u00e4 t\u00e4st\u00e4 kirjallisen ilmoituksen hallitukselle tai sen puheenjohtajalle. Erota voi my\u00f6s ilmoittamalla asiasta yhdistyksen kokouksessa p\u00f6yt\u00e4kirjaan merkitsemist\u00e4 varten. Eroava j\u00e4sen on velvollinen maksamaan jo er\u00e4\u00e4ntyneet j\u00e4senmaksut.<br \/>Ne j\u00e4senet, jotka eiv\u00e4t ole maksaneet vuosikokouksen asettamia j\u00e4senmaksuja toukokuun loppuun menness\u00e4, hallitus voi erottaa yhdistyksest\u00e4. Erotetun j\u00e4senen j\u00e4senluettelosta poistaminen on hallituksen teht\u00e4v\u00e4 vuoden loppuun menness\u00e4.<\/p><p>J\u00e4senen, joka rikkoo yhdistyksen s\u00e4\u00e4nt\u00f6j\u00e4, p\u00e4\u00e4t\u00f6ksi\u00e4 tai kunniaa, hyvi\u00e4 tapoja, rikoslakia tai yhdistyksen hallituksen oikeutettuja m\u00e4\u00e4r\u00e4yksi\u00e4 vastaan, voi hallitus erottaa yhdistyksest\u00e4 jos v\u00e4hint\u00e4\u00e4n viisi hallituksen j\u00e4sent\u00e4 erottamista kannattaa.<br \/>Erotetulle on ilmoitettava erottamisp\u00e4\u00e4t\u00f6ksest\u00e4 viikon kuluessa p\u00e4\u00e4t\u00f6ksen tekemisest\u00e4 kirjallisesti.<\/p><p>\u00a0<\/p><p><strong>9\u00a7<\/strong><\/p><p>Yhdistyksen asioita hoitaa hallitus, johon kuuluu vuodeksi kerrallaan valittu puheenjohtaja ja viisi- seitsem\u00e4n vuodeksi valittua j\u00e4sent\u00e4. Hallitus on p\u00e4\u00e4t\u00f6svaltainen, kun v\u00e4hint\u00e4\u00e4n puolet sen j\u00e4nist\u00e4, puheenjohtaja tai varapuheenjohtaja mukaan luettuna on l\u00e4sn\u00e4. \u00c4\u00e4nten menness\u00e4 tasan ratkaisee puheenjohtajan \u00e4\u00e4ni, paitsi vaaleissa arpa.<\/p><p>\u00a0<\/p><p><strong>10 \u00a7<\/strong><\/p><p>Hallitus valitsee keskuudestaan vuodeksi kerrallaan varapuheenjohtajan , sihteerin, rahastonhoitajan sek\u00e4 muut tarpeelliset toimihenkil\u00f6t, jotka varapuheenjohtajaa lukuun ottamatta voidaan valita my\u00f6s hallituksen ulkopuolelta. Juoksevien asioiden hoitoa varten voi hallitus asettaa tarpeellisen alaisuudessaan toimivan ty\u00f6valiokunnan. Hallituksen ulkopuolelta otettujen toimihenkil\u00f6iden ty\u00f6ehdot ja palkkiot p\u00e4\u00e4tt\u00e4\u00e4 hallitus talousarvion puitteissa. Hallitus kokoontuu puheenjohtajan tai varapuheenjohtajan kutsumana tai jos v\u00e4hint\u00e4\u00e4n 3 sen j\u00e4sent\u00e4 tietyn asian k\u00e4sittelemiseksi sit\u00e4 hallitukselta kirjallisesti pyyt\u00e4\u00e4.<\/p><p>\u00a0<\/p><p><strong>11 \u00a7<\/strong><\/p><p>Puheenjohtaja johtaa asian k\u00e4sittely\u00e4 hallituksen ja yhdistyksen kokouksissa, ei kuitenkaan vuosi- kokouksessa, sek\u00e4 hoitaa ne teht\u00e4v\u00e4t, jotka h\u00e4nelle yhdistyslain mukaan kuuluvat. Varapuheenjohtaja huolehtii puheenjohtajan teht\u00e4vist\u00e4 t\u00e4m\u00e4n ollessa estyneen\u00e4. Sihteeri laatii p\u00f6yt\u00e4kirjat, huolehtii yhdistyksen kirjeenvaihdosta, hoitaa yhdistyksen arkistoa, pit\u00e4\u00e4 luetteloa yhdistyksen j\u00e4senist\u00e4 ja suorittaa muut hallituksen antamat teht\u00e4v\u00e4t. Rahastonhoitaja huolehtii yhdistyksen rahavaroista ja hoitaa yhdistyksen tilej\u00e4 hallituksen antamien ohjeiden mukaisesti. Hallitus voi antaa lis\u00e4ohjeita toimihenkil\u00f6iden teht\u00e4vist\u00e4 ja velvollisuuksista sek\u00e4 m\u00e4\u00e4r\u00e4t\u00e4 lis\u00e4toimihenkil\u00f6it\u00e4. Yhdistyksen nimen kirjoittavat puheenjohtaja, varapuheenjohtaja ja sihteeri kaksi aina yhdess\u00e4.<\/p><p>\u00a0<\/p><p><strong>12 \u00a7<\/strong><\/p><p>Yhdistyksen tilivuosi on kalenterivuosi ja toimintavuosi on vuosikokouksesta vuosikokoukseen. Tilit ja vuosikertomus on annettava viimeist\u00e4\u00e4n nelj\u00e4 viikkoa ennen vuosikokousta tilintarkastajille. Tarkastuksesta on tilintarkastajien on annettava hallitukselle kirjallinen lausunto v\u00e4hint\u00e4\u00e4n kaksi viikkoa ennen vuosikokousta.<\/p><p>\u00a0<\/p><p><strong>13 \u00a7<\/strong><\/p><p>Yhdistyksen vuosikokous pidet\u00e4\u00e4n viimeist\u00e4\u00e4n huhtikuun aikana. Hallitus m\u00e4\u00e4r\u00e4\u00e4 l\u00e4hemmin ajan ja paikan. Vuosikokouksessa:<\/p><ol><li>valitaan kokouksen puheenjohtaja, sihteeri ja kaksi p\u00f6yt\u00e4kirjantarkistajaa, jotka toimivat tarvittaessamy\u00f6s \u00e4\u00e4ntenlaskijoina;<\/li><li>todetaan kokouksen laillisuus;<\/li><li>hyv\u00e4ksyt\u00e4\u00e4n kokouksen ty\u00f6j\u00e4rjestys;<\/li><li>esitet\u00e4\u00e4n yhdistyksen vuosi- ja tilikertomukset sek\u00e4 tilintarkastajien lausunnot;<\/li><li>vahvistetaan tilinp\u00e4\u00e4t\u00f6s ja p\u00e4\u00e4tet\u00e4\u00e4n vastuuvapauden my\u00f6nt\u00e4misest\u00e4;<\/li><li>k\u00e4sitell\u00e4\u00e4n hallituksen seuraavaa toimintavuotta varten laatima toimintasuunnitelma, tulo- ja menoarviosek\u00e4 p\u00e4\u00e4tet\u00e4\u00e4n liittymis- ja j\u00e4senmaksujen suuruudet;<\/li><li>toimitetaan puheenjohtajan vaali<\/li><li>toimitetaan hallituksen j\u00e4senten vaali;<\/li><li>muiden toimihenkil\u00f6iden vaali hallituksen esityksest\u00e4;<\/li><li>kahden tilintarkastajan ja heid\u00e4n varamiestens\u00e4 vaali;<\/li><li>p\u00e4\u00e4tet\u00e4\u00e4n muista hallituksen tai yhdistyksen j\u00e4senten esitt\u00e4mist\u00e4 asioista ottaen huomioon yhdistyslain24 \u00a7 m\u00e4\u00e4r\u00e4ykset.<\/li><\/ol><p><strong>\u00a0<\/strong><\/p><p><strong>14 \u00a7<\/strong><\/p><p>Yhdistys kokoontuu paitsi vuosikokoukseen my\u00f6s ylim\u00e4\u00e4r\u00e4isiin kokouksiin milloin hallitus katsoo sen tarpeelliseksi tai v\u00e4hint\u00e4\u00e4n 1\/10 \u00e4\u00e4nioikeutetuista j\u00e4senist\u00e4 sit\u00e4 kirjallisesti hallitukselta vaatii m\u00e4\u00e4ritelty\u00e4 asiaa tai asioita k\u00e4sittelem\u00e4\u00e4n. Yhdistyksen kutsuu koolle hallitus kirjallisesti kullekin j\u00e4senelle l\u00e4hetett\u00e4v\u00e4ll\u00e4 ilmoituksella. Kutsu on l\u00e4hetett\u00e4v\u00e4 v\u00e4hint\u00e4\u00e4n kymmenen p\u00e4iv\u00e4\u00e4 ennen kokousta. Yhdistyksen kokouksen tekem\u00e4t p\u00e4\u00e4t\u00f6kset astuvat voimaan heti ellei niit\u00e4 teht\u00e4ess\u00e4 ole siit\u00e4 toisin m\u00e4\u00e4r\u00e4tty eik\u00e4 yhdistyslaki toisin m\u00e4\u00e4r\u00e4\u00e4.<\/p><p><strong>\u00a0<\/strong><\/p><p><strong>15 \u00a7<\/strong><\/p><p>J\u00e4senten yhdistyksen kokouksessa esitt\u00e4m\u00e4t asiat voidaan ottaa niiss\u00e4 k\u00e4sitelt\u00e4viksi, ei kuitenkaan p\u00e4\u00e4tett\u00e4viksi. Jos j\u00e4sen haluaa jonkin asian yhdistyksen kokouksessa p\u00e4\u00e4tett\u00e4v\u00e4ksi, tehk\u00f6\u00f6n siit\u00e4 kirjallisen esityksen hallitukselle niin hyviss\u00e4 ajoin ennen kokousta, ett\u00e4 hallitus ehtii valmistella asian kokouksessa k\u00e4sitelt\u00e4v\u00e4ksi.<\/p><p><strong>\u00a0<\/strong><\/p><p><strong>16 \u00a7<\/strong><\/p><p>Yhdistyksen ja sen hallituksen kokouksissa ratkaisee \u00e4\u00e4nten yksinkertainen enemmist\u00f6, mik\u00e4li n\u00e4iss\u00e4 s\u00e4\u00e4nn\u00f6iss\u00e4 ei toisin m\u00e4\u00e4r\u00e4t\u00e4. \u00c4\u00e4nten menness\u00e4 tasan voittaa se mielipide, jota kokouksen puheenjohtaja kannattaa, paitsi vaaleissa, jotka ratkaistaan arvalla.<\/p><p><strong>\u00a0<\/strong><\/p><p><strong>17 \u00a7<\/strong><\/p><p>S\u00e4\u00e4nt\u00f6jen muuttamisesta tai yhdistyksen purkamisesta on teht\u00e4v\u00e4 p\u00e4\u00e4t\u00f6s yhdistyksen kokouksessa ja p\u00e4\u00e4t\u00f6ksen hyv\u00e4ksymiseen vaaditaan v\u00e4hint\u00e4\u00e4n 3\/4 kaikista \u00e4\u00e4nestyksess\u00e4 annetuista \u00e4\u00e4nist\u00e4.<\/p><p><strong>\u00a0<\/strong><\/p><p><strong>18 \u00a7<\/strong><\/p><p>Yhdistyksen purkautuessa k\u00e4ytet\u00e4\u00e4n yhdistyksen varat yhdistyksen tarkoituksen edist\u00e4miseen purkautumisesta p\u00e4\u00e4tt\u00e4v\u00e4n kokouksen p\u00e4\u00e4t\u00f6sten mukaan.<\/p><p><strong>\u00a0<\/strong><\/p><p><strong>19 \u00a7<\/strong><\/p><p>Saavutetut j\u00e4senoikeudet s\u00e4ilyv\u00e4t<\/p>\t\t\t\t\t\t<\/div>\n\t\t\t\t<\/div>\n\t\t\t\t\t<\/div>\n\t\t\t\t<\/div>\n\t\t<div class=\"elementor-element elementor-element-6f85935f e-con-full e-flex e-con e-parent\" data-id=\"6f85935f\" data-element_type=\"container\" data-core-v316-plus=\"true\">\n\t\t\t\t<div class=\"elementor-element elementor-element-10efbd16 elementor-arrows-position-outside elementor-widget elementor-widget-image-carousel\" data-id=\"10efbd16\" data-element_type=\"widget\" id=\"brand\" data-settings=\"{&quot;slides_to_show&quot;:&quot;7&quot;,&quot;navigation&quot;:&quot;arrows&quot;,&quot;image_spacing_custom&quot;:{&quot;unit&quot;:&quot;px&quot;,&quot;size&quot;:65,&quot;sizes&quot;:[]},&quot;slides_to_show_tablet&quot;:&quot;5&quot;,&quot;slides_to_show_mobile&quot;:&quot;3&quot;,&quot;image_spacing_custom_tablet&quot;:{&quot;unit&quot;:&quot;px&quot;,&quot;size&quot;:48,&quot;sizes&quot;:[]},&quot;image_spacing_custom_mobile&quot;:{&quot;unit&quot;:&quot;px&quot;,&quot;size&quot;:44,&quot;sizes&quot;:[]},&quot;autoplay&quot;:&quot;yes&quot;,&quot;pause_on_hover&quot;:&quot;yes&quot;,&quot;pause_on_interaction&quot;:&quot;yes&quot;,&quot;autoplay_speed&quot;:5000,&quot;infinite&quot;:&quot;yes&quot;,&quot;speed&quot;:500}\" data-widget_type=\"image-carousel.default\">\n\t\t\t\t<div class=\"elementor-widget-container\">\n\t\t\t<style>\/*! elementor - v3.20.0 - 26-03-2024 *\/\n.elementor-widget-image-carousel .swiper,.elementor-widget-image-carousel .swiper-container{position:static}.elementor-widget-image-carousel .swiper-container .swiper-slide figure,.elementor-widget-image-carousel .swiper .swiper-slide figure{line-height:inherit}.elementor-widget-image-carousel .swiper-slide{text-align:center}.elementor-image-carousel-wrapper:not(.swiper-container-initialized):not(.swiper-initialized) .swiper-slide{max-width:calc(100% \/ var(--e-image-carousel-slides-to-show, 3))}<\/style>\t\t<div class=\"elementor-image-carousel-wrapper swiper\" dir=\"ltr\">\n\t\t\t<div class=\"elementor-image-carousel swiper-wrapper\" aria-live=\"off\">\n\t\t\t\t\t\t\t\t<div class=\"swiper-slide\" role=\"group\" aria-roledescription=\"slide\" aria-label=\"1 of 14\"><figure class=\"swiper-slide-inner\"><img decoding=\"async\" class=\"swiper-slide-image\" src=\"http:\/\/summa-ry.fi\/wordpress\/wp-content\/uploads\/2024\/03\/wagner.png\" alt=\"wagner\" \/><\/figure><\/div><div class=\"swiper-slide\" role=\"group\" aria-roledescription=\"slide\" aria-label=\"2 of 14\"><figure class=\"swiper-slide-inner\"><img decoding=\"async\" class=\"swiper-slide-image\" src=\"http:\/\/summa-ry.fi\/wordpress\/wp-content\/uploads\/2024\/03\/aa_tekno.png\" alt=\"aa_tekno\" \/><\/figure><\/div><div class=\"swiper-slide\" role=\"group\" aria-roledescription=\"slide\" aria-label=\"3 of 14\"><figure class=\"swiper-slide-inner\"><img decoding=\"async\" class=\"swiper-slide-image\" src=\"http:\/\/summa-ry.fi\/wordpress\/wp-content\/uploads\/2024\/03\/akzo_nobel.png\" alt=\"akzo_nobel\" \/><\/figure><\/div><div class=\"swiper-slide\" role=\"group\" aria-roledescription=\"slide\" aria-label=\"4 of 14\"><figure class=\"swiper-slide-inner\"><img decoding=\"async\" class=\"swiper-slide-image\" src=\"http:\/\/summa-ry.fi\/wordpress\/wp-content\/uploads\/2024\/03\/candor.png\" alt=\"candor\" \/><\/figure><\/div><div class=\"swiper-slide\" role=\"group\" aria-roledescription=\"slide\" aria-label=\"5 of 14\"><figure class=\"swiper-slide-inner\"><img decoding=\"async\" class=\"swiper-slide-image\" src=\"http:\/\/summa-ry.fi\/wordpress\/wp-content\/uploads\/2024\/03\/coating_tech.png\" alt=\"coating_tech\" \/><\/figure><\/div><div class=\"swiper-slide\" role=\"group\" aria-roledescription=\"slide\" aria-label=\"6 of 14\"><figure class=\"swiper-slide-inner\"><img decoding=\"async\" class=\"swiper-slide-image\" src=\"http:\/\/summa-ry.fi\/wordpress\/wp-content\/uploads\/2024\/03\/henkel.png\" alt=\"henkel\" \/><\/figure><\/div><div class=\"swiper-slide\" role=\"group\" aria-roledescription=\"slide\" aria-label=\"7 of 14\"><figure class=\"swiper-slide-inner\"><img decoding=\"async\" class=\"swiper-slide-image\" src=\"http:\/\/summa-ry.fi\/wordpress\/wp-content\/uploads\/2024\/03\/jotun.png\" alt=\"jotun\" \/><\/figure><\/div><div class=\"swiper-slide\" role=\"group\" aria-roledescription=\"slide\" aria-label=\"8 of 14\"><figure class=\"swiper-slide-inner\"><img decoding=\"async\" class=\"swiper-slide-image\" src=\"http:\/\/summa-ry.fi\/wordpress\/wp-content\/uploads\/2024\/03\/kierto_ymparistopalvelut.png\" alt=\"kierto_ymparistopalvelut\" \/><\/figure><\/div><div class=\"swiper-slide\" role=\"group\" aria-roledescription=\"slide\" aria-label=\"9 of 14\"><figure class=\"swiper-slide-inner\"><img decoding=\"async\" class=\"swiper-slide-image\" src=\"http:\/\/summa-ry.fi\/wordpress\/wp-content\/uploads\/2024\/03\/nordson.png\" alt=\"nordson\" \/><\/figure><\/div><div class=\"swiper-slide\" role=\"group\" aria-roledescription=\"slide\" aria-label=\"10 of 14\"><figure class=\"swiper-slide-inner\"><img decoding=\"async\" class=\"swiper-slide-image\" src=\"http:\/\/summa-ry.fi\/wordpress\/wp-content\/uploads\/2024\/03\/polttovari.png\" alt=\"polttovari\" \/><\/figure><\/div><div class=\"swiper-slide\" role=\"group\" aria-roledescription=\"slide\" aria-label=\"11 of 14\"><figure class=\"swiper-slide-inner\"><img decoding=\"async\" class=\"swiper-slide-image\" src=\"http:\/\/summa-ry.fi\/wordpress\/wp-content\/uploads\/2024\/03\/powdertech.png\" alt=\"powdertech\" \/><\/figure><\/div><div class=\"swiper-slide\" role=\"group\" aria-roledescription=\"slide\" aria-label=\"12 of 14\"><figure class=\"swiper-slide-inner\"><img decoding=\"async\" class=\"swiper-slide-image\" src=\"http:\/\/summa-ry.fi\/wordpress\/wp-content\/uploads\/2024\/03\/spraytec.png\" alt=\"spraytec\" \/><\/figure><\/div><div class=\"swiper-slide\" role=\"group\" aria-roledescription=\"slide\" aria-label=\"13 of 14\"><figure class=\"swiper-slide-inner\"><img decoding=\"async\" class=\"swiper-slide-image\" src=\"http:\/\/summa-ry.fi\/wordpress\/wp-content\/uploads\/2024\/03\/teknos.png\" alt=\"teknos\" \/><\/figure><\/div><div class=\"swiper-slide\" role=\"group\" aria-roledescription=\"slide\" aria-label=\"14 of 14\"><figure class=\"swiper-slide-inner\"><img decoding=\"async\" class=\"swiper-slide-image\" src=\"http:\/\/summa-ry.fi\/wordpress\/wp-content\/uploads\/2024\/03\/tikkurila.png\" alt=\"tikkurila\" \/><\/figure><\/div>\t\t\t<\/div>\n\t\t\t\t\t\t\t\t\t\t\t\t<div class=\"elementor-swiper-button elementor-swiper-button-prev\" role=\"button\" tabindex=\"0\">\n\t\t\t\t\t\t<svg aria-hidden=\"true\" class=\"e-font-icon-svg e-eicon-chevron-left\" viewBox=\"0 0 1000 1000\" xmlns=\"http:\/\/www.w3.org\/2000\/svg\"><path d=\"M646 125C629 125 613 133 604 142L308 442C296 454 292 471 292 487 292 504 296 521 308 533L604 854C617 867 629 875 646 875 663 875 679 871 692 858 704 846 713 829 713 812 713 796 708 779 692 767L438 487 692 225C700 217 708 204 708 187 708 171 704 154 692 142 675 129 663 125 646 125Z\"><\/path><\/svg>\t\t\t\t\t<\/div>\n\t\t\t\t\t<div class=\"elementor-swiper-button elementor-swiper-button-next\" role=\"button\" tabindex=\"0\">\n\t\t\t\t\t\t<svg aria-hidden=\"true\" class=\"e-font-icon-svg e-eicon-chevron-right\" viewBox=\"0 0 1000 1000\" xmlns=\"http:\/\/www.w3.org\/2000\/svg\"><path d=\"M696 533C708 521 713 504 713 487 713 471 708 454 696 446L400 146C388 133 375 125 354 125 338 125 325 129 313 142 300 154 292 171 292 187 292 204 296 221 308 233L563 492 304 771C292 783 288 800 288 817 288 833 296 850 308 863 321 871 338 875 354 875 371 875 388 867 400 854L696 533Z\"><\/path><\/svg>\t\t\t\t\t<\/div>\n\t\t\t\t\n\t\t\t\t\t\t\t\t\t<\/div>\n\t\t\t\t<\/div>\n\t\t\t\t<\/div>\n\t\t\t\t<\/div>\n\t\t\t\t<\/div>\n\t\t","protected":false},"excerpt":{"rendered":"<p>Yhdistyksen s\u00e4\u00e4nn\u00f6t SUMMA Suomen Tuotemaalaustekninen yhdistys r.y. Finlands Produktm\u00e5lningstekniska f\u00f6rening r.f. Yhdistysrekisterin 19.08.03 hyv\u00e4ksym\u00e4t s\u00e4\u00e4nn\u00f6t YHDISTYKSEN S\u00c4\u00c4NN\u00d6T VERSIO 08\/2003 1\u00a7 Yhdistyksen nimi on\u00a0Suomen Tuotemaalaustekninen yhdistys ryFinlands Produktm\u00e5lningstekniska f\u00f6rening rf,\u00a0josta j\u00e4ljemp\u00e4n\u00e4 k\u00e4ytet\u00e4\u00e4n ep\u00e4virallista lyhennett\u00e4\u00a0SUMMA.\u00a0Sen kotipaikka on\u00a0Helsingin kaupunki\u00a0ja toimialue koko Suomi. \u00a0 2\u00a7Yhdistyksen kieli on suomi. \u00a0 3\u00a7 Viralliset tunnukset ovat, p\u00f6yt\u00e4standardi, logomerkki, rintaneula ja puseromerkki. Virallisten [&hellip;]<\/p>\n","protected":false},"author":1,"featured_media":0,"parent":0,"menu_order":0,"comment_status":"closed","ping_status":"closed","template":"elementor_header_footer","meta":[],"_links":{"self":[{"href":"http:\/\/summa-ry.fi\/wordpress\/index.php?rest_route=\/wp\/v2\/pages\/240"}],"collection":[{"href":"http:\/\/summa-ry.fi\/wordpress\/index.php?rest_route=\/wp\/v2\/pages"}],"about":[{"href":"http:\/\/summa-ry.fi\/wordpress\/index.php?rest_route=\/wp\/v2\/types\/page"}],"author":[{"embeddable":true,"href":"http:\/\/summa-ry.fi\/wordpress\/index.php?rest_route=\/wp\/v2\/users\/1"}],"replies":[{"embeddable":true,"href":"http:\/\/summa-ry.fi\/wordpress\/index.php?rest_route=%2Fwp%2Fv2%2Fcomments&post=240"}],"version-history":[{"count":10,"href":"http:\/\/summa-ry.fi\/wordpress\/index.php?rest_route=\/wp\/v2\/pages\/240\/revisions"}],"predecessor-version":[{"id":255,"href":"http:\/\/summa-ry.fi\/wordpress\/index.php?rest_route=\/wp\/v2\/pages\/240\/revisions\/255"}],"wp:attachment":[{"href":"http:\/\/summa-ry.fi\/wordpress\/index.php?rest_route=%2Fwp%2Fv2%2Fmedia&parent=240"}],"curies":[{"name":"wp","href":"https:\/\/api.w.org\/{rel}","templated":true}]}}