{"id":183,"date":"2024-03-12T13:30:59","date_gmt":"2024-03-12T13:30:59","guid":{"rendered":"http:\/\/summa-ry.fi\/wordpress\/?page_id=183"},"modified":"2024-03-28T07:46:58","modified_gmt":"2024-03-28T07:46:58","slug":"historia","status":"publish","type":"page","link":"http:\/\/summa-ry.fi\/wordpress\/?page_id=183","title":{"rendered":"Historia"},"content":{"rendered":"\t\t<div data-elementor-type=\"wp-page\" data-elementor-id=\"183\" class=\"elementor elementor-183\">\n\t\t\t\t<div class=\"elementor-element elementor-element-604b6584 e-flex e-con-boxed e-con e-parent\" data-id=\"604b6584\" data-element_type=\"container\" data-settings=\"{&quot;background_background&quot;:&quot;classic&quot;,&quot;background_motion_fx_motion_fx_scrolling&quot;:&quot;yes&quot;,&quot;background_motion_fx_scale_effect&quot;:&quot;yes&quot;,&quot;background_motion_fx_scale_direction&quot;:&quot;out-in&quot;,&quot;background_motion_fx_scale_speed&quot;:{&quot;unit&quot;:&quot;px&quot;,&quot;size&quot;:4,&quot;sizes&quot;:[]},&quot;background_motion_fx_scale_range&quot;:{&quot;unit&quot;:&quot;%&quot;,&quot;size&quot;:&quot;&quot;,&quot;sizes&quot;:{&quot;start&quot;:20,&quot;end&quot;:80}},&quot;background_motion_fx_devices&quot;:[&quot;desktop&quot;,&quot;tablet&quot;,&quot;mobile&quot;]}\" data-core-v316-plus=\"true\">\n\t\t\t\t\t<div class=\"e-con-inner\">\n\t\t\t\t<div class=\"elementor-element elementor-element-374bd4e6 elementor-widget elementor-widget-heading\" data-id=\"374bd4e6\" data-element_type=\"widget\" data-widget_type=\"heading.default\">\n\t\t\t\t<div class=\"elementor-widget-container\">\n\t\t\t<style>\/*! elementor - v3.20.0 - 26-03-2024 *\/\n.elementor-heading-title{padding:0;margin:0;line-height:1}.elementor-widget-heading .elementor-heading-title[class*=elementor-size-]>a{color:inherit;font-size:inherit;line-height:inherit}.elementor-widget-heading .elementor-heading-title.elementor-size-small{font-size:15px}.elementor-widget-heading .elementor-heading-title.elementor-size-medium{font-size:19px}.elementor-widget-heading .elementor-heading-title.elementor-size-large{font-size:29px}.elementor-widget-heading .elementor-heading-title.elementor-size-xl{font-size:39px}.elementor-widget-heading .elementor-heading-title.elementor-size-xxl{font-size:59px}<\/style><h1 class=\"elementor-heading-title elementor-size-default\">Historia<\/h1>\t\t<\/div>\n\t\t\t\t<\/div>\n\t\t\t\t\t<\/div>\n\t\t\t\t<\/div>\n\t\t<div class=\"elementor-element elementor-element-e667146 e-flex e-con-boxed e-con e-parent\" data-id=\"e667146\" data-element_type=\"container\" data-core-v316-plus=\"true\">\n\t\t\t\t\t<div class=\"e-con-inner\">\n\t\t\t\t<div class=\"elementor-element elementor-element-f6f3d22 elementor-widget elementor-widget-heading\" data-id=\"f6f3d22\" data-element_type=\"widget\" data-widget_type=\"heading.default\">\n\t\t\t\t<div class=\"elementor-widget-container\">\n\t\t\t<h2 class=\"elementor-heading-title elementor-size-default\">Historia<\/h2>\t\t<\/div>\n\t\t\t\t<\/div>\n\t\t\t\t<div class=\"elementor-element elementor-element-2d2b59b elementor-widget elementor-widget-text-editor\" data-id=\"2d2b59b\" data-element_type=\"widget\" data-widget_type=\"text-editor.default\">\n\t\t\t\t<div class=\"elementor-widget-container\">\n\t\t\t<style>\/*! elementor - v3.20.0 - 26-03-2024 *\/\n.elementor-widget-text-editor.elementor-drop-cap-view-stacked .elementor-drop-cap{background-color:#69727d;color:#fff}.elementor-widget-text-editor.elementor-drop-cap-view-framed .elementor-drop-cap{color:#69727d;border:3px solid;background-color:transparent}.elementor-widget-text-editor:not(.elementor-drop-cap-view-default) .elementor-drop-cap{margin-top:8px}.elementor-widget-text-editor:not(.elementor-drop-cap-view-default) .elementor-drop-cap-letter{width:1em;height:1em}.elementor-widget-text-editor .elementor-drop-cap{float:left;text-align:center;line-height:1;font-size:50px}.elementor-widget-text-editor .elementor-drop-cap-letter{display:inline-block}<\/style>\t\t\t\t<p>Summan historia p\u00e4iv\u00e4m\u00e4\u00e4rin\u00e4, p\u00e4ivitetty 2020:<\/p><p><strong>04.04.2019<\/strong> &#8211; TRY:n Koulutus ter\u00e4srakenteiden korroosiosuojauskoulutus &#8211; Helsinki<br \/><strong>21.03.2018<\/strong> &#8211; KONEPAJA 2018 messu ja SUMMA ry:n j\u00e4rjest\u00e4m\u00e4\u00e4n seminaari &#8211; Tampere<br \/><strong>26.10.2017<\/strong> &#8211; TRY:n Pintak\u00e4sittelyjaosto j\u00e4rjest\u00e4\u00e4 Pintak\u00e4sittelyseminaari &#8211; Turku<br \/><strong>15-16.3.2017<\/strong> &#8211; Summa Ry j\u00e4rjest\u00e4\u00e4 Scandinavian coating 2017 messumatka &#8211; K\u00f6\u00f6penhamina<br \/><strong>16.10.2016<\/strong> &#8211; Summa Ry ja Pintakilta j\u00e4rjest\u00e4v\u00e4t pintak\u00e4sittelyalan seminaarin 16.11.2016 &#8211; H\u00e4meenlinna<br \/><strong>20.10.2016<\/strong> &#8211; Ter\u00e4srakenneyhdistys j\u00e4rjest\u00e4\u00e4 seminaarin, korroosionkest\u00e4vyyden maksimointi eri olosuhteissa &#8211; Oulu<br \/><strong>14.04.2016<\/strong> &#8211; Ter\u00e4srakenneyhdistys j\u00e4rjest\u00e4\u00e4 seminaarin, Pinnoittamalla lis\u00e4\u00e4 k\u00e4ytt\u00f6ik\u00e4\u00e4 \u2013 sulapinnoitteista maaleihin &#8211; Tampere<br \/><strong>16.03.2016<\/strong> &#8211; SUMMA Ry:n Seminaari Konepaja 16 Messujen yhteydess\u00e4 &#8211; Tampere<br \/><strong>19.-21.4.2016<\/strong> &#8211; SUMMA Ry j\u00e4rjest\u00e4\u00e4 yritysvierailun ja messumatkan Saksaan, Paintexpo 2016 &#8211; Frankfurt<br \/><strong>12.11.2015<\/strong> &#8211; Summa Ry ja Pintakilta j\u00e4rjest\u00e4v\u00e4t pintak\u00e4sittelyalan seminaarin &#8211; H\u00e4meenlinna<br \/><strong>15.-17.3.2016<\/strong> &#8211; Konepaja messut &#8211; Tampere<br \/><strong>16.09.2015<\/strong> &#8211; Seminaari: Ter\u00e4srakenteiden kuumasinkitys ja maalaus &#8211; Tampere<br \/><strong>15.-17.09.2015<\/strong> &#8211; Alihankintamessut &#8211; Tampere<br \/><strong>3.-6.9.2015<\/strong> &#8211; Yritysvierailu Inverin tehtaalle Italiaan &#8211; Helsinki<br \/><strong>07.05.2014<\/strong> &#8211; Pinta 14 messut ja Summan seminaari: Standardien mukainen korroosionestomaalaus jauhemaaleilla &#8211; Helsinki<br \/><strong>6.-8.5.2014<\/strong> &#8211; Pinta 14 messut messuhallissa &#8211; Helsinki<br \/><strong>21.10.2013<\/strong> &#8211; Uusi kirja, Pinnalla 2: Metallituotteiden maalaus &#8211; Helsinki<br \/><strong>05.11.2013<\/strong> &#8211; Ruukin jauhemaalausseminaari &#8211; Ruukki<br \/><strong>22.11.2013<\/strong> &#8211; Verosuunnitteluseminaari &#8211; Helsinki<br \/><strong>26.09.2013<\/strong> &#8211; Summa alihankintamessuilla &#8211; Tampere<br \/><strong>10-12.10.2013<\/strong> &#8211; Laivaseminaari, aiheena \u201dMiten pid\u00e4mme ty\u00f6t Suomessa\u201d &#8211; Hki-Tukholma<br \/><strong>29.-30.5.2013<\/strong> &#8211; Messumatka G\u00f6teborgiin &#8211; G\u00f6teborg<br \/><strong>19.03.2013<\/strong> &#8211; Summan Viuhka-lehti numero 1\/2013 &#8211; Helsinki<br \/><strong>05.10.2012<\/strong> &#8211; Summan uusi lehti Viuhka numero 1\/2012 &#8211; Helsinki<br \/><strong>20.09.2012<\/strong> &#8211; Seminaari alihankintamessuilla &#8211; Tampere<br \/><strong>17-19.4 2012<\/strong> &#8211; Pinta 12 messut ja Summan seminaari: Maalaamon energiatehokkuus &#8211; Helsinki<br \/><strong>01.10.2011<\/strong> &#8211; Summa ry:n 20-vuotisjuhla Vanajanlinnassa &#8211; H\u00e4meenlinna<br \/><strong>15.09.2011<\/strong> &#8211; Alihankintamessut, seminaari: Kuinka tilaaja ja maalaamo voivat vaikuttaa maalatun tuotteen loppuhintaan? Tampere<br \/><strong>24.03.2011<\/strong>&#8211; Kunnossapidon haasteet pintak\u00e4sittelyprosseseissa: Tehokkuus p\u00e4ivitt\u00e4ishuollosta vuosikunnossapitoon &#8211; Helsinki<br \/><strong>23-24.2010<\/strong> &#8211; Pintak\u00e4sittelyalan opettajien koulutusp\u00e4iv\u00e4t Tikkurilassa, Summa ry mukana &#8211; Tikkurila<br \/><strong>13-16.4.2010<\/strong> &#8211; PINTA 2010 messut ja seminaari: Enemm\u00e4n v\u00e4hemm\u00e4ll\u00e4 &#8211; Helsinki<br \/><strong>5-6.11.2009<\/strong> &#8211; Sein\u00e4joen tehdasvierailukierros ja seminaari: Energiatehokkuuden parantaminen ja uudet mahdollisuudet &#8211; Sein\u00e4joki<br \/><strong>28-29.1.2009<\/strong> &#8211; Matka: IVF:n tapaaminen, tehdasvierailukierros G\u00f6teborgin ja J\u00f6nk\u00f6pingin yrityksiin &#8211; Ruotsi<br \/><strong>17.04.2008<\/strong> &#8211; Pinta2008: Uusien 2008 maalaamostandardien ja VOC- sek\u00e4 ATEX \u2013 k\u00e4yt\u00e4nn\u00f6n vaikutukset vanhoissa ja uusissa jauhe- ja m\u00e4rk\u00e4maalaamoissa \/ Summa ry:n messuosasto &#8211; Helsinki<br \/><strong>5-8.09.2007<\/strong> &#8211; Puu- ja Bioenergia messut ja Summan seminaari aiheita: Voc, Atex, Reach, yms, tehdasvierailu &#8211; Jyv\u00e4skyl\u00e4<br \/><strong>19.04.2007<\/strong> &#8211; Tampereen ilmaisseminaari: Maalaamon laatutason, tehokkuuden ja tuottavuuden arvioiminen ja kehitt\u00e4minen &#8211; Tampere<br \/><strong>12-13.10.2006<\/strong> &#8211; PaintExpo messut KARLSRUHE Saksa<br \/><strong>27.04.2006<\/strong> &#8211; Pinta2006: pintak\u00e4sittelij\u00e4n uusimmat haasteet 2007: VOC, ATEX, \u201dvihre\u00e4t kemikaalit\u201d &#8211; Helsinki<br \/><strong>14.02.2006<\/strong> &#8211; Sein\u00e4joen ATEX seminaari SEAMK:n tiloissa &#8211; Sein\u00e4joki<br \/><strong>14\u201316.09.2005<\/strong> &#8211; Jyv\u00e4skyl\u00e4n ATEX seminaari ja Puu- ja Bioenergia messut yhteisosasto j\u00e4senyritysten kanssa &#8211; Jyv\u00e4skyl\u00e4<br \/><strong>16-19.03.2005<\/strong> &#8211; Elmia messu ja laivaseminaarimatka J\u00f6nk\u00f6pingiin &#8211; Ruotsi<br \/><strong>29.9.-2.10. 2004<\/strong> &#8211; Tutustuminen: Rohm and Haas Italia SRL Divisione Pulverlac, Nordson Italia SpA, VIV SpA, Haworth SpA, Cocconi SpA, Decoral Systems Srl &#8211; Italia<br \/><strong>01.03.2004<\/strong> &#8211; Esik\u00e4sittely ja maalaus, laatu ja hinta (M\u00e4rk\u00e4-\/jauhemaalaus) &#8211; Vaasa<br \/><strong>01.10.2003<\/strong> &#8211; PINTA 2003 messut ja Seminaari: K\u00e4sik\u00e4ytt\u00f6iset jauhemaalauslaitteet &#8211; Tampere<br \/><strong>01.10.2003<\/strong> &#8211; PaintTech 2003 messut &#8211; Saksa<br \/><strong>01.03.2003<\/strong> &#8211; Seminaari: Pintak\u00e4sittelyn peruskysymykset &#8211; Jyv\u00e4skyl\u00e4<br \/><strong>01.11.2002<\/strong> &#8211; Seminaari: Pintak\u00e4sittelyn peruskysymykset &#8211; Tampere<br \/><strong>01.05.2002<\/strong> &#8211; Laivaseminaari \/ ELMIA-messut &#8211; Ruotsi<br \/><strong>10.01.2012<\/strong> &#8211; PINTA 2001 Messut+ seminaarit &#8211; Tampere<br \/><strong>05.01.2012<\/strong> &#8211; Seminaari: ymp\u00e4rist\u00f6-, turvallisuus- ja v\u00e4rikysymykset &#8211; Vantaa<br \/><strong>08.01.1900<\/strong> &#8211; Summan 10-Vuotisjuhla &#8211; Tampere<br \/><strong>03.01.2012<\/strong> &#8211; SITS-Messut &#8211; Pariisi<br \/><strong>01.04.2000<\/strong> &#8211; Matka Morton Pulverlac tehtaaseen ja Italian teollisuuteen &#8211; Italia<br \/><strong>01.11.1999<\/strong> &#8211; PINTA99 Messut+ seminaari &#8211; Tampere<br \/><strong>01.09.1999<\/strong> &#8211; Messumatka yhdess\u00e4 SPF:n kanssa &#8211; Dallas Coatings USA<br \/><strong>01.06.1999<\/strong> &#8211; Yhteistapaaminen SPF:n kanssa &#8211; Suomi<br \/><strong>01.11.1998<\/strong> &#8211; Pohjoismainen seminaari \/ kokous Summa \/ SPF laivalla &#8211; Ruotsi<br \/><strong>01.05.1998<\/strong> &#8211; Messumatka Hannover &#8211; Saksa<br \/><strong>01.02.1998<\/strong> &#8211; Messumatka Amsterdam &#8211; Hollanti<br \/><strong>01.03.1998<\/strong> &#8211; Ymp\u00e4rist\u00f6seminaari &#8211; H\u00e4meenlinna<br \/><strong>01.10.1997<\/strong> &#8211; Tehdaspalvelu ja Pintak\u00e4sittely messut + seminaari Maalaus \u201d 2000\u201d &#8211; Lahti<br \/><strong>01.05.1997<\/strong> &#8211; Messumatka Cleveland, Chicago USA<br \/><strong>01.03.1997<\/strong>\u00a0&#8211; Vesiliukoiset pohjamaalina jauhemaalille seminaari \/ Scania, R\u00f6tmota &#8211; Ruotsi<br \/><strong>01.03.1996<\/strong> &#8211; Seminaari: Muodon, v\u00e4rin ja pintak\u00e4sittelyn maailma &#8211; Tuusula<br \/><strong>01.11.1995<\/strong> &#8211; Seminaari: Onko esik\u00e4sittelysi kunnossa? &#8211; H\u00e4meenlinna<br \/><strong>01.03.1995<\/strong> &#8211; SITS-Messut &#8211; Pariisi<br \/><strong>01.11.1994<\/strong> &#8211; Laivaseminaari \/ L.M.Ericsson &#8211; Ruotsi<br \/><strong>01.09.1994<\/strong> &#8211; Metallisymposium Lahden Muotoiluinstituutissa &#8211; Lahti<br \/><strong>01.02.1994<\/strong> &#8211; Seminaari: Miten tuotemaalaus vastaa muuttuviin laatu-, ymp\u00e4rist\u00f6- ja kustannusvaatimuksiin? &#8211; Vantaa<br \/><strong>01.05.1993<\/strong> &#8211; Seminaari: Ymp\u00e4rist\u00f6, p\u00e4\u00e4st\u00f6t ja j\u00e4tteet &#8211; Riihim\u00e4ki<br \/><strong>01.11.1992<\/strong> &#8211; Seminaari: Maalityypin ja maalaustekniikan valinta &#8211; Jyv\u00e4skyl\u00e4<br \/><strong>01.05.1992<\/strong> &#8211; Esik\u00e4sittelyseminaari &#8211; H\u00e4meenlinna<br \/><strong>01.11.1991<\/strong> &#8211; Yleiskoulutusseminaari &#8211; Uusikaupunki<br \/><strong>01.05.1991<\/strong> &#8211; Teemap\u00e4iv\u00e4t &#8211; M\u00e4nts\u00e4l\u00e4ss\u00e4<br \/><strong>09.11.1993<\/strong> &#8211; Hyv\u00e4ksyminen yhdistysrekisteriin <br \/><strong>27.09.1991<\/strong> &#8211; Peruskirja<\/p>\t\t\t\t\t\t<\/div>\n\t\t\t\t<\/div>\n\t\t\t\t\t<\/div>\n\t\t\t\t<\/div>\n\t\t\t\t<\/div>\n\t\t","protected":false},"excerpt":{"rendered":"<p>Historia Historia Summan historia p\u00e4iv\u00e4m\u00e4\u00e4rin\u00e4, p\u00e4ivitetty 2020: 04.04.2019 &#8211; TRY:n Koulutus ter\u00e4srakenteiden korroosiosuojauskoulutus &#8211; Helsinki21.03.2018 &#8211; KONEPAJA 2018 messu ja SUMMA ry:n j\u00e4rjest\u00e4m\u00e4\u00e4n seminaari &#8211; Tampere26.10.2017 &#8211; TRY:n Pintak\u00e4sittelyjaosto j\u00e4rjest\u00e4\u00e4 Pintak\u00e4sittelyseminaari &#8211; Turku15-16.3.2017 &#8211; Summa Ry j\u00e4rjest\u00e4\u00e4 Scandinavian coating 2017 messumatka &#8211; K\u00f6\u00f6penhamina16.10.2016 &#8211; Summa Ry ja Pintakilta j\u00e4rjest\u00e4v\u00e4t pintak\u00e4sittelyalan seminaarin 16.11.2016 &#8211; H\u00e4meenlinna20.10.2016 &#8211; [&hellip;]<\/p>\n","protected":false},"author":1,"featured_media":0,"parent":0,"menu_order":0,"comment_status":"closed","ping_status":"closed","template":"elementor_header_footer","meta":[],"_links":{"self":[{"href":"http:\/\/summa-ry.fi\/wordpress\/index.php?rest_route=\/wp\/v2\/pages\/183"}],"collection":[{"href":"http:\/\/summa-ry.fi\/wordpress\/index.php?rest_route=\/wp\/v2\/pages"}],"about":[{"href":"http:\/\/summa-ry.fi\/wordpress\/index.php?rest_route=\/wp\/v2\/types\/page"}],"author":[{"embeddable":true,"href":"http:\/\/summa-ry.fi\/wordpress\/index.php?rest_route=\/wp\/v2\/users\/1"}],"replies":[{"embeddable":true,"href":"http:\/\/summa-ry.fi\/wordpress\/index.php?rest_route=%2Fwp%2Fv2%2Fcomments&post=183"}],"version-history":[{"count":25,"href":"http:\/\/summa-ry.fi\/wordpress\/index.php?rest_route=\/wp\/v2\/pages\/183\/revisions"}],"predecessor-version":[{"id":574,"href":"http:\/\/summa-ry.fi\/wordpress\/index.php?rest_route=\/wp\/v2\/pages\/183\/revisions\/574"}],"wp:attachment":[{"href":"http:\/\/summa-ry.fi\/wordpress\/index.php?rest_route=%2Fwp%2Fv2%2Fmedia&parent=183"}],"curies":[{"name":"wp","href":"https:\/\/api.w.org\/{rel}","templated":true}]}}