{"id":146,"date":"2024-03-12T12:35:45","date_gmt":"2024-03-12T12:35:45","guid":{"rendered":"http:\/\/summa-ry.fi\/wordpress\/?page_id=146"},"modified":"2024-03-28T07:48:14","modified_gmt":"2024-03-28T07:48:14","slug":"yhdistys","status":"publish","type":"page","link":"http:\/\/summa-ry.fi\/wordpress\/?page_id=146","title":{"rendered":"Yhdistys"},"content":{"rendered":"\t\t<div data-elementor-type=\"wp-page\" data-elementor-id=\"146\" class=\"elementor elementor-146\">\n\t\t\t\t<div class=\"elementor-element elementor-element-6ac9d006 e-flex e-con-boxed e-con e-parent\" data-id=\"6ac9d006\" data-element_type=\"container\" data-settings=\"{&quot;background_background&quot;:&quot;classic&quot;,&quot;background_motion_fx_motion_fx_scrolling&quot;:&quot;yes&quot;,&quot;background_motion_fx_scale_effect&quot;:&quot;yes&quot;,&quot;background_motion_fx_scale_direction&quot;:&quot;out-in&quot;,&quot;background_motion_fx_scale_speed&quot;:{&quot;unit&quot;:&quot;px&quot;,&quot;size&quot;:4,&quot;sizes&quot;:[]},&quot;background_motion_fx_scale_range&quot;:{&quot;unit&quot;:&quot;%&quot;,&quot;size&quot;:&quot;&quot;,&quot;sizes&quot;:{&quot;start&quot;:20,&quot;end&quot;:80}},&quot;background_motion_fx_devices&quot;:[&quot;desktop&quot;,&quot;tablet&quot;,&quot;mobile&quot;]}\" data-core-v316-plus=\"true\">\n\t\t\t\t\t<div class=\"e-con-inner\">\n\t\t\t\t<div class=\"elementor-element elementor-element-1c360dc2 elementor-widget elementor-widget-heading\" data-id=\"1c360dc2\" data-element_type=\"widget\" data-widget_type=\"heading.default\">\n\t\t\t\t<div class=\"elementor-widget-container\">\n\t\t\t<style>\/*! elementor - v3.20.0 - 26-03-2024 *\/\n.elementor-heading-title{padding:0;margin:0;line-height:1}.elementor-widget-heading .elementor-heading-title[class*=elementor-size-]>a{color:inherit;font-size:inherit;line-height:inherit}.elementor-widget-heading .elementor-heading-title.elementor-size-small{font-size:15px}.elementor-widget-heading .elementor-heading-title.elementor-size-medium{font-size:19px}.elementor-widget-heading .elementor-heading-title.elementor-size-large{font-size:29px}.elementor-widget-heading .elementor-heading-title.elementor-size-xl{font-size:39px}.elementor-widget-heading .elementor-heading-title.elementor-size-xxl{font-size:59px}<\/style><h1 class=\"elementor-heading-title elementor-size-default\">Yhdistys<\/h1>\t\t<\/div>\n\t\t\t\t<\/div>\n\t\t\t\t\t<\/div>\n\t\t\t\t<\/div>\n\t\t<div class=\"elementor-element elementor-element-d27e816 e-flex e-con-boxed e-con e-parent\" data-id=\"d27e816\" data-element_type=\"container\" data-core-v316-plus=\"true\">\n\t\t\t\t\t<div class=\"e-con-inner\">\n\t\t\t\t<div class=\"elementor-element elementor-element-53c01135 elementor-widget elementor-widget-heading\" data-id=\"53c01135\" data-element_type=\"widget\" data-widget_type=\"heading.default\">\n\t\t\t\t<div class=\"elementor-widget-container\">\n\t\t\t<h2 class=\"elementor-heading-title elementor-size-default\">Yhdistys<\/h2>\t\t<\/div>\n\t\t\t\t<\/div>\n\t\t\t\t<div class=\"elementor-element elementor-element-50d9f58 elementor-widget elementor-widget-text-editor\" data-id=\"50d9f58\" data-element_type=\"widget\" data-widget_type=\"text-editor.default\">\n\t\t\t\t<div class=\"elementor-widget-container\">\n\t\t\t<style>\/*! elementor - v3.20.0 - 26-03-2024 *\/\n.elementor-widget-text-editor.elementor-drop-cap-view-stacked .elementor-drop-cap{background-color:#69727d;color:#fff}.elementor-widget-text-editor.elementor-drop-cap-view-framed .elementor-drop-cap{color:#69727d;border:3px solid;background-color:transparent}.elementor-widget-text-editor:not(.elementor-drop-cap-view-default) .elementor-drop-cap{margin-top:8px}.elementor-widget-text-editor:not(.elementor-drop-cap-view-default) .elementor-drop-cap-letter{width:1em;height:1em}.elementor-widget-text-editor .elementor-drop-cap{float:left;text-align:center;line-height:1;font-size:50px}.elementor-widget-text-editor .elementor-drop-cap-letter{display:inline-block}<\/style>\t\t\t\t<p class=\"Body\">Suomen tuotemaalaustekninen yhdistys\u00a0perustettiin vuonna 1991. Yhdistyksen\u00a0asiana on tuotteiden viimeistelyyn\u00a0liittyv\u00e4n teknisen pintak\u00e4sittelyprosessien osaamisen kartoitus, tiedon ker\u00e4\u00e4minen, kehitt\u00e4minen ja jakaminen j\u00e4senist\u00f6lle.\u00a0SUMMA ry:n toimintaan kuuluu keskeisesti\u00a0mm. seminaarit, teollisuusk\u00e4ynnit Suomessa ja ulkomailla sek\u00e4 messumatkat.<\/p><p class=\"Body\">Pienen maan on koottava resurssit oikein ja saman alan osaaminen \u201cyksiin kansiin\u201d.\u00a0 Suomessa teollisuuden on osattava reagoida nopeasti; sen kilpailukyky ei ole suurissa sarjoissa vaan joustavassa tuotannossa ja korkeassa laadussa.\u00a0 Joskus saman yrityksen on hallittava niin metallin, puun kuin muovinkin pintak\u00e4sittely.\u00a0 T\u00e4rke\u00e4 yhteinen huolenaihe kaikelle pintak\u00e4sittelylle on my\u00f6s ymp\u00e4rist\u00f6kysymykset, kuin my\u00f6s EU-direktiivien ja standardien hallinta.\u00a0 N\u00e4m\u00e4 ovat asioita, jotka yhdist\u00e4v\u00e4t SUMMA ry:n kaikkia j\u00e4seni\u00e4.<\/p><p><a href=\"http:\/\/summa-ry.fi\/wordpress\/?page_id=240\">Summa yhdistyksen s\u00e4\u00e4nn\u00f6t t\u00e4st\u00e4 klikkaamalla.<\/a><\/p>\t\t\t\t\t\t<\/div>\n\t\t\t\t<\/div>\n\t\t<div class=\"elementor-element elementor-element-9ea0078 e-flex e-con-boxed e-con e-child\" data-id=\"9ea0078\" data-element_type=\"container\">\n\t\t\t\t\t<div class=\"e-con-inner\">\n\t\t<div class=\"elementor-element elementor-element-f33aa06 e-flex e-con-boxed e-con e-child\" data-id=\"f33aa06\" data-element_type=\"container\">\n\t\t\t\t\t<div class=\"e-con-inner\">\n\t\t\t\t<div class=\"elementor-element elementor-element-29f951c elementor-view-default elementor-position-top elementor-mobile-position-top elementor-widget elementor-widget-icon-box\" data-id=\"29f951c\" data-element_type=\"widget\" data-widget_type=\"icon-box.default\">\n\t\t\t\t<div class=\"elementor-widget-container\">\n\t\t\t<link rel=\"stylesheet\" href=\"http:\/\/summa-ry.fi\/wordpress\/wp-content\/plugins\/elementor\/assets\/css\/widget-icon-box.min.css\">\t\t<div class=\"elementor-icon-box-wrapper\">\n\t\t\t\t\t\t<div class=\"elementor-icon-box-icon\">\n\t\t\t\t<span  class=\"elementor-icon elementor-animation-\">\n\t\t\t\t<svg aria-hidden=\"true\" class=\"e-font-icon-svg e-fas-check\" viewBox=\"0 0 512 512\" xmlns=\"http:\/\/www.w3.org\/2000\/svg\"><path d=\"M173.898 439.404l-166.4-166.4c-9.997-9.997-9.997-26.206 0-36.204l36.203-36.204c9.997-9.998 26.207-9.998 36.204 0L192 312.69 432.095 72.596c9.997-9.997 26.207-9.997 36.204 0l36.203 36.204c9.997 9.997 9.997 26.206 0 36.204l-294.4 294.401c-9.998 9.997-26.207 9.997-36.204-.001z\"><\/path><\/svg>\t\t\t\t<\/span>\n\t\t\t<\/div>\n\t\t\t\t\t\t<div class=\"elementor-icon-box-content\">\n\t\t\t\t<h3 class=\"elementor-icon-box-title\">\n\t\t\t\t\t<span  >\n\t\t\t\t\t\tTEHT\u00c4V\u00c4\t\t\t\t\t<\/span>\n\t\t\t\t<\/h3>\n\t\t\t\t\t\t\t<\/div>\n\t\t<\/div>\n\t\t\t\t<\/div>\n\t\t\t\t<\/div>\n\t\t\t\t<div class=\"elementor-element elementor-element-d479093 elementor-widget elementor-widget-text-editor\" data-id=\"d479093\" data-element_type=\"widget\" data-widget_type=\"text-editor.default\">\n\t\t\t\t<div class=\"elementor-widget-container\">\n\t\t\t\t\t\t\t<p>Tuotemaalaus on toimintaa jossa annetaan erilaisille tuotteille viimeinen k\u00e4sittely ennen kuin tuote joutuu ostajan tarkastelun kohteeksi. Ensivaikutelman luo tuotteen ulkon\u00e4k\u00f6 ja sen antamiseen on vain yksi mahdollisuus. Pintak\u00e4sittelyst\u00e4 vastaavat henkil\u00f6t tiet\u00e4v\u00e4t t\u00e4m\u00e4n. Tuotantoalaan katsomatta heid\u00e4n ammatillisen asenteensa tulee olla sama; tarkka ja t\u00e4sm\u00e4llinen, monet muuttuvat tekij\u00e4t huomioiva. Usein pintak\u00e4sittelyprosessien maalaustuotannon hallinta eri osa-alueiltaan on alaan katsomatta hyvin samantyyppinen.<\/p><p>Pienen maan on koottava resurssit oikein ja saman alan osaaminen \u201cyksiin kansiin\u201d. Suomessa teollisuuden on osattava reagoida nopeasti; sen kilpailukyky ei ole suurissa sarjoissa vaan joustavassa tuotannossa ja korkeassa laadussa. Joskus saman yrityksen on hallittava niin metallin, puun kuin muovinkin pintak\u00e4sittely. T\u00e4rke\u00e4 yhteinen huolenaihe kaikelle pintak\u00e4sittelylle on my\u00f6s ymp\u00e4rist\u00f6kysymykset, kuin my\u00f6s EU-direktiivien ja standardien hallinta. N\u00e4m\u00e4 ovat asioita, jotka yhdist\u00e4v\u00e4t SUMMA ry:n kaikkia j\u00e4seni\u00e4.<\/p>\t\t\t\t\t\t<\/div>\n\t\t\t\t<\/div>\n\t\t\t\t\t<\/div>\n\t\t\t\t<\/div>\n\t\t<div class=\"elementor-element elementor-element-c4dc645 e-flex e-con-boxed e-con e-child\" data-id=\"c4dc645\" data-element_type=\"container\">\n\t\t\t\t\t<div class=\"e-con-inner\">\n\t\t\t\t<div class=\"elementor-element elementor-element-ec69ca2 elementor-view-default elementor-position-top elementor-mobile-position-top elementor-widget elementor-widget-icon-box\" data-id=\"ec69ca2\" data-element_type=\"widget\" data-widget_type=\"icon-box.default\">\n\t\t\t\t<div class=\"elementor-widget-container\">\n\t\t\t\t\t<div class=\"elementor-icon-box-wrapper\">\n\t\t\t\t\t\t<div class=\"elementor-icon-box-icon\">\n\t\t\t\t<span  class=\"elementor-icon elementor-animation-\">\n\t\t\t\t<svg aria-hidden=\"true\" class=\"e-font-icon-svg e-fas-check\" viewBox=\"0 0 512 512\" xmlns=\"http:\/\/www.w3.org\/2000\/svg\"><path d=\"M173.898 439.404l-166.4-166.4c-9.997-9.997-9.997-26.206 0-36.204l36.203-36.204c9.997-9.998 26.207-9.998 36.204 0L192 312.69 432.095 72.596c9.997-9.997 26.207-9.997 36.204 0l36.203 36.204c9.997 9.997 9.997 26.206 0 36.204l-294.4 294.401c-9.998 9.997-26.207 9.997-36.204-.001z\"><\/path><\/svg>\t\t\t\t<\/span>\n\t\t\t<\/div>\n\t\t\t\t\t\t<div class=\"elementor-icon-box-content\">\n\t\t\t\t<h3 class=\"elementor-icon-box-title\">\n\t\t\t\t\t<span  >\n\t\t\t\t\t\tTULEVAISUUS\t\t\t\t\t<\/span>\n\t\t\t\t<\/h3>\n\t\t\t\t\t\t\t<\/div>\n\t\t<\/div>\n\t\t\t\t<\/div>\n\t\t\t\t<\/div>\n\t\t\t\t<div class=\"elementor-element elementor-element-947e3a0 elementor-widget elementor-widget-text-editor\" data-id=\"947e3a0\" data-element_type=\"widget\" data-widget_type=\"text-editor.default\">\n\t\t\t\t<div class=\"elementor-widget-container\">\n\t\t\t\t\t\t\t<p>Yhdistys on onnistuneella tavalla vaikuttanut siihen, ett\u00e4 Suomessa panostetaan omaan pintak\u00e4sittelyalan messutapahtumaan, joka kattaa my\u00f6s tuotemaalauksen kaikki sektorit (puu, metalli ja muovi). Pintak\u00e4sittelyalan kokoamisella samaan laajaan tapahtumaan, luodaan parhaat edellytykset sille, ett\u00e4 alan toimittajat tulevat esiintym\u00e4\u00e4n kattavana rintamana yhteisess\u00e4 tapahtumassa. N\u00e4in rakennetut messut my\u00f6s parhaiten palvelevat tuotemaalausta harjoittavaa teollisuutta kokonaisuudessaan. Summa pyrkii my\u00f6s jatkossa olemaan vahvasti mukana kehitt\u00e4m\u00e4ss\u00e4 yhteisi\u00e4 tuotemaalaukseen ja pintak\u00e4sittelyyn liittyvi\u00e4 tapahtumia ja seminaareja Suomessa.<\/p><p>EU\u2013Direktiivien ja Standardien sek\u00e4 ymp\u00e4rist\u00f6kysymysten hallinta teollisuudessa on tulevaisuuden t\u00e4rkeimpi\u00e4 asioita. L\u00e4hes kaikki pintak\u00e4sittelyalan t\u00e4m\u00e4nhetkinen kehitys liittyy tavalla tai toisella ymp\u00e4rist\u00f6\u00f6n. Esimerkkein\u00e4 t\u00e4st\u00e4 ovat vesiohenteisten aineiden lis\u00e4\u00e4ntyminen, jauhemaalien kehitys puulle ja yleens\u00e4 laitos- ja laitep\u00e4\u00e4st\u00f6jen sek\u00e4 energian v\u00e4hent\u00e4misen kehitys. Ajan henkeen kuuluu tarkentuva logistiikan valvonta, jolla pintak\u00e4sittelyketjussa on suuri merkitys.<\/p>\t\t\t\t\t\t<\/div>\n\t\t\t\t<\/div>\n\t\t\t\t\t<\/div>\n\t\t\t\t<\/div>\n\t\t\t\t\t<\/div>\n\t\t\t\t<\/div>\n\t\t\t\t\t<\/div>\n\t\t\t\t<\/div>\n\t\t\t\t<\/div>\n\t\t","protected":false},"excerpt":{"rendered":"<p>Yhdistys Yhdistys Suomen tuotemaalaustekninen yhdistys\u00a0perustettiin vuonna 1991. Yhdistyksen\u00a0asiana on tuotteiden viimeistelyyn\u00a0liittyv\u00e4n teknisen pintak\u00e4sittelyprosessien osaamisen kartoitus, tiedon ker\u00e4\u00e4minen, kehitt\u00e4minen ja jakaminen j\u00e4senist\u00f6lle.\u00a0SUMMA ry:n toimintaan kuuluu keskeisesti\u00a0mm. seminaarit, teollisuusk\u00e4ynnit Suomessa ja ulkomailla sek\u00e4 messumatkat. Pienen maan on koottava resurssit oikein ja saman alan osaaminen \u201cyksiin kansiin\u201d.\u00a0 Suomessa teollisuuden on osattava reagoida nopeasti; sen kilpailukyky ei ole suurissa [&hellip;]<\/p>\n","protected":false},"author":1,"featured_media":0,"parent":0,"menu_order":0,"comment_status":"closed","ping_status":"closed","template":"elementor_header_footer","meta":[],"_links":{"self":[{"href":"http:\/\/summa-ry.fi\/wordpress\/index.php?rest_route=\/wp\/v2\/pages\/146"}],"collection":[{"href":"http:\/\/summa-ry.fi\/wordpress\/index.php?rest_route=\/wp\/v2\/pages"}],"about":[{"href":"http:\/\/summa-ry.fi\/wordpress\/index.php?rest_route=\/wp\/v2\/types\/page"}],"author":[{"embeddable":true,"href":"http:\/\/summa-ry.fi\/wordpress\/index.php?rest_route=\/wp\/v2\/users\/1"}],"replies":[{"embeddable":true,"href":"http:\/\/summa-ry.fi\/wordpress\/index.php?rest_route=%2Fwp%2Fv2%2Fcomments&post=146"}],"version-history":[{"count":37,"href":"http:\/\/summa-ry.fi\/wordpress\/index.php?rest_route=\/wp\/v2\/pages\/146\/revisions"}],"predecessor-version":[{"id":577,"href":"http:\/\/summa-ry.fi\/wordpress\/index.php?rest_route=\/wp\/v2\/pages\/146\/revisions\/577"}],"wp:attachment":[{"href":"http:\/\/summa-ry.fi\/wordpress\/index.php?rest_route=%2Fwp%2Fv2%2Fmedia&parent=146"}],"curies":[{"name":"wp","href":"https:\/\/api.w.org\/{rel}","templated":true}]}}